{"id":37478,"date":"2025-08-31T18:11:01","date_gmt":"2025-08-31T18:11:01","guid":{"rendered":"https:\/\/adjumed.com\/clients\/spap\/"},"modified":"2025-08-31T18:11:01","modified_gmt":"2025-08-31T18:11:01","slug":"spap","status":"publish","type":"page","link":"https:\/\/adjumed.com\/fr\/clients\/spap\/","title":{"rendered":"SPAP"},"content":{"rendered":"<p>[et_pb_section fb_built=\u00a0\u00bb1&Prime; custom_padding_last_edited=\u00a0\u00bbon|desktop\u00a0\u00bb admin_label=\u00a0\u00bb#25 Testimonials\u00a0\u00bb _builder_version=\u00a0\u00bb4.16&Prime; background_color=\u00a0\u00bb#ffffff\u00a0\u00bb custom_padding_tablet=\u00a0\u00bb50px|0|50px|0&Prime; custom_padding_phone=\u00a0\u00bb\u00a0\u00bb transparent_background=\u00a0\u00bboff\u00a0\u00bb padding_mobile=\u00a0\u00bboff\u00a0\u00bb collapsed=\u00a0\u00bboff\u00a0\u00bb global_colors_info=\u00a0\u00bb{}\u00a0\u00bb][et_pb_row column_padding_mobile=\u00a0\u00bbon\u00a0\u00bb custom_padding_last_edited=\u00a0\u00bbon|desktop\u00a0\u00bb admin_label=\u00a0\u00bbRow\u00a0\u00bb _builder_version=\u00a0\u00bb4.27.4&Prime; background_size=\u00a0\u00bbinitial\u00a0\u00bb background_position=\u00a0\u00bbtop_left\u00a0\u00bb background_repeat=\u00a0\u00bbrepeat\u00a0\u00bb width=\u00a0\u00bb100%\u00a0\u00bb max_width=\u00a0\u00bb941px\u00a0\u00bb custom_padding=\u00a0\u00bb119px|||\u00a0\u00bb custom_padding_tablet=\u00a0\u00bb\u00a0\u00bb custom_padding_phone=\u00a0\u00bb41px|||\u00a0\u00bb use_custom_width=\u00a0\u00bbon\u00a0\u00bb custom_width_px=\u00a0\u00bb540px\u00a0\u00bb global_colors_info=\u00a0\u00bb{}\u00a0\u00bb][et_pb_column type=\u00a0\u00bb4_4&Prime; _builder_version=\u00a0\u00bb4.27.4&Prime; custom_padding=\u00a0\u00bb|||\u00a0\u00bb global_colors_info=\u00a0\u00bb{}\u00a0\u00bb custom_padding__hover=\u00a0\u00bb|||\u00a0\u00bb][et_pb_divider color=\u00a0\u00bb#0061ad\u00a0\u00bb divider_position=\u00a0\u00bbcenter\u00a0\u00bb divider_weight=\u00a0\u00bb2&Prime; disabled_on=\u00a0\u00bbon|on|\u00a0\u00bb admin_label=\u00a0\u00bbDivider Desktop\u00a0\u00bb _builder_version=\u00a0\u00bb4.16&Prime; height=\u00a0\u00bb19px\u00a0\u00bb custom_css_main_element=\u00a0\u00bbwidth:50px;||margin-left: 47%;||margin-right: 47%;\u00a0\u00bb global_colors_info=\u00a0\u00bb{}\u00a0\u00bb][\/et_pb_divider][et_pb_divider color=\u00a0\u00bbrgba(17,105,173,0.4)\u00a0\u00bb divider_position=\u00a0\u00bbcenter\u00a0\u00bb divider_weight=\u00a0\u00bb2&Prime; disabled_on=\u00a0\u00bb||on\u00a0\u00bb admin_label=\u00a0\u00bbDivider Mobile\u00a0\u00bb _builder_version=\u00a0\u00bb4.16&Prime; height=\u00a0\u00bb19px\u00a0\u00bb custom_css_main_element=\u00a0\u00bbwidth:50px;||margin-left: 44%;||margin-right: 44%;\u00a0\u00bb hide_on_mobile=\u00a0\u00bboff\u00a0\u00bb global_colors_info=\u00a0\u00bb{}\u00a0\u00bb][\/et_pb_divider][et_pb_text admin_label=\u00a0\u00bbAQC\u00a0\u00bb _builder_version=\u00a0\u00bb4.27.4&Prime; text_font=\u00a0\u00bbRoboto Light||||\u00a0\u00bb text_text_color=\u00a0\u00bb#0061ad\u00a0\u00bb text_font_size=\u00a0\u00bb52&Prime; text_line_height=\u00a0\u00bb1.1em\u00a0\u00bb text_orientation=\u00a0\u00bbcenter\u00a0\u00bb max_width=\u00a0\u00bb80{69d3b7aa093b99b87ad87f9752f55fa45a2d72320b2e8f74e1cfcbac989c0c13}\u00a0\u00bb module_alignment=\u00a0\u00bbcenter\u00a0\u00bb custom_margin=\u00a0\u00bb24px||0px|\u00a0\u00bb text_font_size_tablet=\u00a0\u00bb46&Prime; text_font_size_phone=\u00a0\u00bb30&Prime; text_font_size_last_edited=\u00a0\u00bbon|phone\u00a0\u00bb custom_css_main_element=\u00a0\u00bbfont-weight:300;\u00a0\u00bb border_style=\u00a0\u00bbsolid\u00a0\u00bb global_colors_info=\u00a0\u00bb{}\u00a0\u00bb]<\/p>\n<p>Projet<span data-contrast=\"auto\" lang=\"EN-US\" class=\"TextRun MacChromeBold SCXW247008501 BCX0\" xml:lang=\"EN-US\"><span class=\"NormalTextRun SCXW247008501 BCX0\"> <\/span><span class=\"NormalTextRun SCXW247008501 BCX0\">SPAP <br \/>(Swiss Patient Access Program)<\/span><\/span><span class=\"EOP SCXW247008501 BCX0\" data-ccp-props=\"{}\"> <\/span><\/p>\n<p>[\/et_pb_text][\/et_pb_column][\/et_pb_row][et_pb_row column_structure=\u00a0\u00bb2_3,1_3&Prime; _builder_version=\u00a0\u00bb4.16&Prime; global_colors_info=\u00a0\u00bb{}\u00a0\u00bb][et_pb_column type=\u00a0\u00bb2_3&Prime; _builder_version=\u00a0\u00bb4.16&Prime; custom_padding=\u00a0\u00bb|||\u00a0\u00bb global_colors_info=\u00a0\u00bb{}\u00a0\u00bb custom_padding__hover=\u00a0\u00bb|||\u00a0\u00bb][et_pb_text _builder_version=\u00a0\u00bb4.27.4&Prime; text_font=\u00a0\u00bbRoboto Light||||\u00a0\u00bb text_text_color=\u00a0\u00bb#0061ad\u00a0\u00bb text_font_size=\u00a0\u00bb20&Prime; text_line_height=\u00a0\u00bb1.5em\u00a0\u00bb header_text_align=\u00a0\u00bbleft\u00a0\u00bb header_text_color=\u00a0\u00bb#0061ad\u00a0\u00bb max_width=\u00a0\u00bb540px\u00a0\u00bb custom_margin=\u00a0\u00bb18px||0px|\u00a0\u00bb custom_css_main_element=\u00a0\u00bbfont-weight:300;\u00a0\u00bb border_style_all=\u00a0\u00bbsolid\u00a0\u00bb border_style=\u00a0\u00bbsolid\u00a0\u00bb global_colors_info=\u00a0\u00bb{}\u00a0\u00bb]<\/p>\n<p class=\"p1\">Le programme SPAP donne aux patients l&rsquo;acc\u00e8s \u00e0 des m\u00e9dicaments oncologiques s\u00e9lectionn\u00e9s, \u00e0 condition qu&rsquo;ils soient m\u00e9dicalement n\u00e9cessaires et qu&rsquo;ils aient \u00e9t\u00e9 refus\u00e9s par l&rsquo;assurance maladie. Son objectif est de permettre \u00e0 tous les patients d&rsquo;acc\u00e9der \u00e0 des traitements oncologiques m\u00e9dicalement indiqu\u00e9s. En tant que partenaire exp\u00e9riment\u00e9 dans le traitement des dossiers m\u00e9dicaux, Adjumed Services SA offre une plate-forme de communication et d&rsquo;\u00e9change de donn\u00e9es entre le demandeur (qui repr\u00e9sente le patient), le secr\u00e9tariat du SPAP et le comit\u00e9 d&rsquo;experts de la SSMO.  <\/p>\n<h2 class=\"p1\">Contexte  <\/h2>\n<p class=\"p1\">Les personnes r\u00e9sidant en Suisse b\u00e9n\u00e9ficient g\u00e9n\u00e9ralement d&rsquo;un syst\u00e8me de sant\u00e9 de qualit\u00e9. En particulier, avec l&rsquo;\u00e9valuation au cas par cas selon l&rsquo;article 71a-d de l&rsquo;Ordonnance sur l&rsquo;assurance des soins (OAMal), il est possible de rembourser de mani\u00e8re anticip\u00e9e des th\u00e9rapies par le biais de l&rsquo;assurance obligatoire des soins (AOS), m\u00eame si celles-ci ne sont pas encore autoris\u00e9es par l&rsquo;autorit\u00e9 suisse d&rsquo;autorisation de mise sur le march\u00e9 (Swissmedic) ou ne figurent pas sur la liste des m\u00e9dicaments remboursables par l&rsquo;AOS (Office f\u00e9d\u00e9ral de la sant\u00e9 publique).   <\/p>\n<p class=\"p1\">Dans quelques cas isol\u00e9s, il arrive cependant que les patients concern\u00e9s se voient refuser le remboursement par l&rsquo;assurance maladie d&rsquo;un traitement dont ils ont un besoin m\u00e9dical urgent. Ces refus sont tr\u00e8s p\u00e9nibles pour les patients concern\u00e9s et pour les m\u00e9decins traitants.   <\/p>\n<p class=\"p1\">Le projet pilote Swiss Patient Access Pilot (\u00ab\u00a0projet pilote\u00a0\u00bb), qui se d\u00e9roulera d&rsquo;avril 2019 \u00e0 d\u00e9cembre 2022, a pr\u00e9cis\u00e9ment abord\u00e9 ce point et a montr\u00e9 comment ces \u00ab\u00a0cas de rigueur\u00a0\u00bb existant dans notre syst\u00e8me de sant\u00e9 pouvaient \u00eatre pris en charge. La solution consiste \u00e0 faire \u00e9valuer les cas de rigueur par des experts m\u00e9dicaux ind\u00e9pendants, qui \u00e9mettent ensuite une recommandation contraignante pour les titulaires d&rsquo;autorisation.   <\/p>\n<p class=\"p1\">  Le Swiss Patient Access Program (SPAP) est une continuation du projet pilote qui d\u00e9butera le 1.7.2023 pour une dur\u00e9e pr\u00e9vue de 3 ans sous la directive de la Soci\u00e9t\u00e9 Suisse d&rsquo;Oncologie M\u00e9dicale (SSMO). <\/p>\n<p class=\"p1\">SPAP s&rsquo;appuie sur les conclusions positives du projet pilote et poursuit <strong>trois objectifs de projet<\/strong>:  <\/p>\n<ol class=\"ol1\">\n<li class=\"li1\">Continuer \u00e0 proposer une solution pour les cas dits difficiles dans le cadre de l&rsquo;oncologie, en faisant appel \u00e0 des experts m\u00e9dicaux (comme dans le projet pilote).  <\/li>\n<li class=\"li1\">\u00c9valuation du b\u00e9n\u00e9fice pour le patient sur la base de donn\u00e9es de sant\u00e9 collect\u00e9es en routine. Pour ce faire, un concept et un mod\u00e8le r\u00e9alisable pour les futurs registres de qualit\u00e9 seront \u00e9labor\u00e9s dans un d\u00e9lai de trois ans \u00e0 partir d&rsquo;une collecte cibl\u00e9e de donn\u00e9es sur la sant\u00e9 afin de collecter des param\u00e8tres appropri\u00e9s pour prouver le b\u00e9n\u00e9fice pour les patients. Les crit\u00e8res d&rsquo;\u00e9valuation (liste de contr\u00f4le) qui y seront d\u00e9velopp\u00e9s seront appliqu\u00e9s de mani\u00e8re coh\u00e9rente dans un environnement de solution num\u00e9rique \u00e9volutif.    <\/li>\n<li class=\"li1\">Trouver une solution \u00e0 long terme pour r\u00e9soudre le probl\u00e8me des cas difficiles en mettant les r\u00e9sultats du programme \u00e0 la disposition des parties prenantes du secteur de la sant\u00e9 par le biais de publications. Le programme, tout comme le pilote, est enti\u00e8rement financ\u00e9 par les entreprises pharmaceutiques participantes.   <\/li>\n<\/ol>\n<p class=\"p1\">Le programme SPAP a \u00e9t\u00e9 lanc\u00e9 en 2023 dans le cadre d&rsquo;une collaboration entre la Soci\u00e9t\u00e9 Suisse d&rsquo;Oncologie M\u00e9dicale (SSOM), Bristol-Myers Squibb SA et Roche Pharma (Suisse) SA et se limite aux th\u00e9rapies oncologiques. Le projet est mis en \u0153uvre par <a href=\"https:\/\/www.sicomed.ch\/\"><span class=\"s1\">SICOmed AG<\/span><\/a> (secr\u00e9tariat). Il est d\u00e9sormais ouvert \u00e0 la participation de toutes les autres entreprises. Le programme fait l&rsquo;objet d&rsquo;un suivi scientifique. L&rsquo;exp\u00e9rience acquise dans le cadre de ce programme doit permettre de mener un dialogue orient\u00e9 vers la recherche de solutions avec toutes les parties prenantes concern\u00e9es, afin de garantir durablement l&rsquo;acc\u00e8s \u00e0 des th\u00e9rapies m\u00e9dicalement indiqu\u00e9es.      <\/p>\n<p class=\"p1\">Sur le plan technique, le projet est g\u00e9r\u00e9 par Adjumed Services. La plateforme Adjumed.net, \u00e9prouv\u00e9e et hautement fonctionnelle, permet d&rsquo;assurer le d\u00e9roulement de la soumission par le demandeur, l&rsquo;anonymisation par le secr\u00e9tariat, les diff\u00e9rents avis par les experts et la communication de leurs d\u00e9cisions au demandeur dans un processus structur\u00e9 et document\u00e9. Cela permet d&rsquo;avoir \u00e0 tout moment une vue d&rsquo;ensemble des cas en suspens et d&rsquo;effectuer des analyses statistiques pour les parties prenantes. Il va sans dire que la protection et la s\u00e9curit\u00e9 des donn\u00e9es sont garanties \u00e0 tout moment au plus haut niveau.     <\/p>\n<p>[\/et_pb_text][\/et_pb_column][et_pb_column type=\u00a0\u00bb1_3&Prime; _builder_version=\u00a0\u00bb4.16&Prime; custom_padding=\u00a0\u00bb|||\u00a0\u00bb global_colors_info=\u00a0\u00bb{}\u00a0\u00bb custom_padding__hover=\u00a0\u00bb|||\u00a0\u00bb][et_pb_image src=\u00a0\u00bbhttps:\/\/adjumed.com\/wp-content\/uploads\/2025\/08\/logo_ssmo_spap.png\u00a0\u00bb title_text=\u00a0\u00bbLogo du projet SPAP\u00a0\u00bb url=\u00a0\u00bbhttps:\/\/aqc.ch\/fr\/\u00a0\u00bb url_new_window=\u00a0\u00bbon\u00a0\u00bb align_tablet=\u00a0\u00bbcenter\u00a0\u00bb align_phone=\u00a0\u00bb\u00a0\u00bb align_last_edited=\u00a0\u00bbon|desktop\u00a0\u00bb _builder_version=\u00a0\u00bb4.27.4&Prime; border_style_all=\u00a0\u00bbsolid\u00a0\u00bb border_style=\u00a0\u00bbsolid\u00a0\u00bb global_colors_info=\u00a0\u00bb{}\u00a0\u00bb][\/et_pb_image][et_pb_text _builder_version=\u00a0\u00bb4.27.4&Prime; text_font=\u00a0\u00bbRoboto Light||||\u00a0\u00bb text_text_color=\u00a0\u00bb#0061ad\u00a0\u00bb text_font_size=\u00a0\u00bb20&Prime; text_line_height=\u00a0\u00bb1.5em\u00a0\u00bb header_text_align=\u00a0\u00bbleft\u00a0\u00bb header_text_color=\u00a0\u00bb#0061ad\u00a0\u00bb max_width=\u00a0\u00bb540px\u00a0\u00bb custom_margin=\u00a0\u00bb18px||0px|\u00a0\u00bb custom_css_main_element=\u00a0\u00bbfont-weight:300;\u00a0\u00bb border_style=\u00a0\u00bbsolid\u00a0\u00bb global_colors_info=\u00a0\u00bb{}\u00a0\u00bb]<\/p>\n<ul>\n<li>Saisie de donn\u00e9es depuis 2019<\/li>\n<li>Un projet de\n<ul>\n<li>Soci\u00e9t\u00e9 Suisse d&rsquo;Oncologie M\u00e9dicale (SSOM)<\/li>\n<li>Bristol-Myers Squibb SA, Roche Pharma (Suisse) SA<\/li>\n<li>SICOmed AG<\/li>\n<\/ul>\n<\/li>\n<li>Permet aux patients d&rsquo;acc\u00e9der \u00e0 des th\u00e9rapies oncologiques indiqu\u00e9es<\/li>\n<li><a href=\"https:\/\/www.spap.health\/\" target=\"_blank\" rel=\"noopener\">Projet de site web<\/a><\/li>\n<\/ul>\n<p>[\/et_pb_text][\/et_pb_column][\/et_pb_row][\/et_pb_section]<\/p>\n","protected":false},"excerpt":{"rendered":"<p>Projet SPAP (Swiss Patient Access Program) Le programme SPAP donne aux patients l&rsquo;acc\u00e8s \u00e0 des m\u00e9dicaments oncologiques s\u00e9lectionn\u00e9s, \u00e0 condition qu&rsquo;ils soient m\u00e9dicalement n\u00e9cessaires et qu&rsquo;ils aient \u00e9t\u00e9 refus\u00e9s par l&rsquo;assurance maladie. Son objectif est de permettre \u00e0 tous les patients d&rsquo;acc\u00e9der \u00e0 des traitements oncologiques m\u00e9dicalement indiqu\u00e9s. En tant que partenaire exp\u00e9riment\u00e9 dans le [&hellip;]<\/p>\n","protected":false},"author":1,"featured_media":0,"parent":36539,"menu_order":0,"comment_status":"closed","ping_status":"closed","template":"","meta":{"_et_pb_use_builder":"on","_et_pb_old_content":"","_et_gb_content_width":"","footnotes":""},"class_list":["post-37478","page","type-page","status-publish","hentry"],"yoast_head":"<!-- This site is optimized with the Yoast SEO plugin v27.2 - https:\/\/yoast.com\/product\/yoast-seo-wordpress\/ -->\n<title>SPAP - Adjumed Services AG<\/title>\n<meta name=\"robots\" content=\"index, follow, max-snippet:-1, max-image-preview:large, max-video-preview:-1\" \/>\n<link rel=\"canonical\" href=\"https:\/\/adjumed.com\/fr\/clients\/spap\/\" \/>\n<meta property=\"og:locale\" content=\"fr_FR\" \/>\n<meta property=\"og:type\" content=\"article\" \/>\n<meta property=\"og:title\" content=\"SPAP - Adjumed Services AG\" \/>\n<meta property=\"og:description\" content=\"Projet SPAP (Swiss Patient Access Program) Le programme SPAP donne aux patients l&#039;acc\u00e8s \u00e0 des m\u00e9dicaments oncologiques s\u00e9lectionn\u00e9s, \u00e0 condition qu&#039;ils soient m\u00e9dicalement n\u00e9cessaires et qu&#039;ils aient \u00e9t\u00e9 refus\u00e9s par l&#039;assurance maladie. Son objectif est de permettre \u00e0 tous les patients d&#039;acc\u00e9der \u00e0 des traitements oncologiques m\u00e9dicalement indiqu\u00e9s. En tant que partenaire exp\u00e9riment\u00e9 dans le [&hellip;]\" \/>\n<meta property=\"og:url\" content=\"https:\/\/adjumed.com\/fr\/clients\/spap\/\" \/>\n<meta property=\"og:site_name\" content=\"Adjumed Services AG\" \/>\n<meta property=\"article:publisher\" content=\"https:\/\/www.facebook.com\/adjumed\/\" \/>\n<meta name=\"twitter:card\" content=\"summary_large_image\" \/>\n<meta name=\"twitter:label1\" content=\"Dur\u00e9e de lecture estim\u00e9e\" \/>\n\t<meta name=\"twitter:data1\" content=\"6 minutes\" \/>\n<script type=\"application\/ld+json\" class=\"yoast-schema-graph\">{\"@context\":\"https:\/\/schema.org\",\"@graph\":[{\"@type\":\"WebPage\",\"@id\":\"https:\/\/adjumed.com\/fr\/clients\/spap\/\",\"url\":\"https:\/\/adjumed.com\/fr\/clients\/spap\/\",\"name\":\"SPAP - Adjumed Services AG\",\"isPartOf\":{\"@id\":\"https:\/\/adjumed.com\/#website\"},\"datePublished\":\"2025-08-31T18:11:01+00:00\",\"breadcrumb\":{\"@id\":\"https:\/\/adjumed.com\/fr\/clients\/spap\/#breadcrumb\"},\"inLanguage\":\"fr-FR\",\"potentialAction\":[{\"@type\":\"ReadAction\",\"target\":[\"https:\/\/adjumed.com\/fr\/clients\/spap\/\"]}]},{\"@type\":\"BreadcrumbList\",\"@id\":\"https:\/\/adjumed.com\/fr\/clients\/spap\/#breadcrumb\",\"itemListElement\":[{\"@type\":\"ListItem\",\"position\":1,\"name\":\"Startseite\",\"item\":\"https:\/\/adjumed.com\/fr\/page-daccueil\/\"},{\"@type\":\"ListItem\",\"position\":2,\"name\":\"Clients\",\"item\":\"https:\/\/adjumed.com\/kunden\/\"},{\"@type\":\"ListItem\",\"position\":3,\"name\":\"SPAP\"}]},{\"@type\":\"WebSite\",\"@id\":\"https:\/\/adjumed.com\/#website\",\"url\":\"https:\/\/adjumed.com\/\",\"name\":\"Adjumed Services AG\",\"description\":\"Medizinische Register und Medizinische Qualit\u00e4tssicherung\",\"publisher\":{\"@id\":\"https:\/\/adjumed.com\/#organization\"},\"potentialAction\":[{\"@type\":\"SearchAction\",\"target\":{\"@type\":\"EntryPoint\",\"urlTemplate\":\"https:\/\/adjumed.com\/?s={search_term_string}\"},\"query-input\":{\"@type\":\"PropertyValueSpecification\",\"valueRequired\":true,\"valueName\":\"search_term_string\"}}],\"inLanguage\":\"fr-FR\"},{\"@type\":\"Organization\",\"@id\":\"https:\/\/adjumed.com\/#organization\",\"name\":\"Adjumed Services AG\",\"url\":\"https:\/\/adjumed.com\/\",\"logo\":{\"@type\":\"ImageObject\",\"inLanguage\":\"fr-FR\",\"@id\":\"https:\/\/adjumed.com\/#\/schema\/logo\/image\/\",\"url\":\"https:\/\/adjumed.com\/wp-content\/uploads\/2017\/10\/Adjumed_Logo_kl.jpg\",\"contentUrl\":\"https:\/\/adjumed.com\/wp-content\/uploads\/2017\/10\/Adjumed_Logo_kl.jpg\",\"width\":200,\"height\":120,\"caption\":\"Adjumed Services AG\"},\"image\":{\"@id\":\"https:\/\/adjumed.com\/#\/schema\/logo\/image\/\"},\"sameAs\":[\"https:\/\/www.facebook.com\/adjumed\/\",\"https:\/\/www.linkedin.com\/company\/adjumed-services-ag\/\"]}]}<\/script>\n<!-- \/ Yoast SEO plugin. -->","yoast_head_json":{"title":"SPAP - Adjumed Services AG","robots":{"index":"index","follow":"follow","max-snippet":"max-snippet:-1","max-image-preview":"max-image-preview:large","max-video-preview":"max-video-preview:-1"},"canonical":"https:\/\/adjumed.com\/fr\/clients\/spap\/","og_locale":"fr_FR","og_type":"article","og_title":"SPAP - Adjumed Services AG","og_description":"Projet SPAP (Swiss Patient Access Program) Le programme SPAP donne aux patients l'acc\u00e8s \u00e0 des m\u00e9dicaments oncologiques s\u00e9lectionn\u00e9s, \u00e0 condition qu'ils soient m\u00e9dicalement n\u00e9cessaires et qu'ils aient \u00e9t\u00e9 refus\u00e9s par l'assurance maladie. Son objectif est de permettre \u00e0 tous les patients d'acc\u00e9der \u00e0 des traitements oncologiques m\u00e9dicalement indiqu\u00e9s. En tant que partenaire exp\u00e9riment\u00e9 dans le [&hellip;]","og_url":"https:\/\/adjumed.com\/fr\/clients\/spap\/","og_site_name":"Adjumed Services AG","article_publisher":"https:\/\/www.facebook.com\/adjumed\/","twitter_card":"summary_large_image","twitter_misc":{"Dur\u00e9e de lecture estim\u00e9e":"6 minutes"},"schema":{"@context":"https:\/\/schema.org","@graph":[{"@type":"WebPage","@id":"https:\/\/adjumed.com\/fr\/clients\/spap\/","url":"https:\/\/adjumed.com\/fr\/clients\/spap\/","name":"SPAP - Adjumed Services AG","isPartOf":{"@id":"https:\/\/adjumed.com\/#website"},"datePublished":"2025-08-31T18:11:01+00:00","breadcrumb":{"@id":"https:\/\/adjumed.com\/fr\/clients\/spap\/#breadcrumb"},"inLanguage":"fr-FR","potentialAction":[{"@type":"ReadAction","target":["https:\/\/adjumed.com\/fr\/clients\/spap\/"]}]},{"@type":"BreadcrumbList","@id":"https:\/\/adjumed.com\/fr\/clients\/spap\/#breadcrumb","itemListElement":[{"@type":"ListItem","position":1,"name":"Startseite","item":"https:\/\/adjumed.com\/fr\/page-daccueil\/"},{"@type":"ListItem","position":2,"name":"Clients","item":"https:\/\/adjumed.com\/kunden\/"},{"@type":"ListItem","position":3,"name":"SPAP"}]},{"@type":"WebSite","@id":"https:\/\/adjumed.com\/#website","url":"https:\/\/adjumed.com\/","name":"Adjumed Services AG","description":"Medizinische Register und Medizinische Qualit\u00e4tssicherung","publisher":{"@id":"https:\/\/adjumed.com\/#organization"},"potentialAction":[{"@type":"SearchAction","target":{"@type":"EntryPoint","urlTemplate":"https:\/\/adjumed.com\/?s={search_term_string}"},"query-input":{"@type":"PropertyValueSpecification","valueRequired":true,"valueName":"search_term_string"}}],"inLanguage":"fr-FR"},{"@type":"Organization","@id":"https:\/\/adjumed.com\/#organization","name":"Adjumed Services AG","url":"https:\/\/adjumed.com\/","logo":{"@type":"ImageObject","inLanguage":"fr-FR","@id":"https:\/\/adjumed.com\/#\/schema\/logo\/image\/","url":"https:\/\/adjumed.com\/wp-content\/uploads\/2017\/10\/Adjumed_Logo_kl.jpg","contentUrl":"https:\/\/adjumed.com\/wp-content\/uploads\/2017\/10\/Adjumed_Logo_kl.jpg","width":200,"height":120,"caption":"Adjumed Services AG"},"image":{"@id":"https:\/\/adjumed.com\/#\/schema\/logo\/image\/"},"sameAs":["https:\/\/www.facebook.com\/adjumed\/","https:\/\/www.linkedin.com\/company\/adjumed-services-ag\/"]}]}},"_links":{"self":[{"href":"https:\/\/adjumed.com\/fr\/wp-json\/wp\/v2\/pages\/37478","targetHints":{"allow":["GET"]}}],"collection":[{"href":"https:\/\/adjumed.com\/fr\/wp-json\/wp\/v2\/pages"}],"about":[{"href":"https:\/\/adjumed.com\/fr\/wp-json\/wp\/v2\/types\/page"}],"author":[{"embeddable":true,"href":"https:\/\/adjumed.com\/fr\/wp-json\/wp\/v2\/users\/1"}],"replies":[{"embeddable":true,"href":"https:\/\/adjumed.com\/fr\/wp-json\/wp\/v2\/comments?post=37478"}],"version-history":[{"count":2,"href":"https:\/\/adjumed.com\/fr\/wp-json\/wp\/v2\/pages\/37478\/revisions"}],"predecessor-version":[{"id":37480,"href":"https:\/\/adjumed.com\/fr\/wp-json\/wp\/v2\/pages\/37478\/revisions\/37480"}],"up":[{"embeddable":true,"href":"https:\/\/adjumed.com\/fr\/wp-json\/wp\/v2\/pages\/36539"}],"wp:attachment":[{"href":"https:\/\/adjumed.com\/fr\/wp-json\/wp\/v2\/media?parent=37478"}],"curies":[{"name":"wp","href":"https:\/\/api.w.org\/{rel}","templated":true}]}}