{"id":36512,"date":"2025-08-20T10:05:48","date_gmt":"2025-08-20T10:05:48","guid":{"rendered":"https:\/\/adjumed.com\/actuel\/"},"modified":"2025-08-20T10:05:49","modified_gmt":"2025-08-20T10:05:49","slug":"actuel","status":"publish","type":"page","link":"https:\/\/adjumed.com\/fr\/actuel\/","title":{"rendered":"Actuel"},"content":{"rendered":"<p>[et_pb_section bb_built=\u00a0\u00bb1&Prime; admin_label=\u00a0\u00bb#17 Content\u00a0\u00bb background_color=\u00a0\u00bb#0061ad\u00a0\u00bb custom_padding_last_edited=\u00a0\u00bboff|tablet\u00a0\u00bb _builder_version=\u00a0\u00bb3.0.99&Prime; custom_margin=\u00a0\u00bb0px|||\u00a0\u00bb custom_padding=\u00a0\u00bb0px|||\u00a0\u00bb custom_padding_tablet=\u00a0\u00bb50px|0|50px|0&Prime; collapsed=\u00a0\u00bboff\u00a0\u00bb next_background_color=\u00a0\u00bb#cce0ef\u00a0\u00bb][et_pb_row admin_label=\u00a0\u00bbRow\u00a0\u00bb use_custom_width=\u00a0\u00bbon\u00a0\u00bb custom_width_px=\u00a0\u00bb1000&Prime; custom_padding=\u00a0\u00bb109px|||\u00a0\u00bb custom_padding_phone=\u00a0\u00bb41px|||\u00a0\u00bb column_padding_mobile=\u00a0\u00bbon\u00a0\u00bb parallax_method_1=\u00a0\u00bboff\u00a0\u00bb parallax_method_2=\u00a0\u00bboff\u00a0\u00bb custom_padding_last_edited=\u00a0\u00bbon|desktop\u00a0\u00bb _builder_version=\u00a0\u00bb3.0.99&Prime; background_size=\u00a0\u00bbinitial\u00a0\u00bb background_position=\u00a0\u00bbtop_left\u00a0\u00bb background_repeat=\u00a0\u00bbrepeat\u00a0\u00bb][et_pb_column type=\u00a0\u00bb4_4&Prime;][et_pb_text admin_label=\u00a0\u00bbKapitel &#8211; Headline\u00a0\u00bb background_layout=\u00a0\u00bbdark\u00a0\u00bb _builder_version=\u00a0\u00bb3.0.99&Prime; text_font=\u00a0\u00bbRoboto Light||||\u00a0\u00bb text_font_size=\u00a0\u00bb52&Prime; text_font_size_tablet=\u00a0\u00bb46&Prime; text_font_size_phone=\u00a0\u00bb40&Prime; text_font_size_last_edited=\u00a0\u00bbon|phone\u00a0\u00bb text_text_color=\u00a0\u00bb#ffffff\u00a0\u00bb text_line_height=\u00a0\u00bb1.1em\u00a0\u00bb header_font=\u00a0\u00bbRoboto|300|||||||\u00a0\u00bb header_text_align=\u00a0\u00bbcenter\u00a0\u00bb header_font_size=\u00a0\u00bb52&Prime; header_font_size_tablet=\u00a0\u00bb46&Prime; header_font_size_phone=\u00a0\u00bb40&Prime; header_font_size_last_edited=\u00a0\u00bbon|phone\u00a0\u00bb header_text_color=\u00a0\u00bb#ffffff\u00a0\u00bb header_line_height=\u00a0\u00bb1.1em\u00a0\u00bb border_radii=\u00a0\u00bbon|0px|0px|0px|0px\u00a0\u00bb text_orientation=\u00a0\u00bbcenter\u00a0\u00bb module_alignment=\u00a0\u00bbcenter\u00a0\u00bb custom_margin=\u00a0\u00bb0px||0px|\u00a0\u00bb custom_css_main_element=\u00a0\u00bbfont-weight:300;\u00a0\u00bb]<\/p>\n<h1>Actuel<\/h1>\n<p>[\/et_pb_text][et_pb_text _builder_version=\u00a0\u00bb3.0.99&Prime; text_font=\u00a0\u00bbRoboto Light||||\u00a0\u00bb text_font_size=\u00a0\u00bb20&Prime; text_text_color=\u00a0\u00bb#ffffff\u00a0\u00bb text_line_height=\u00a0\u00bb1.5em\u00a0\u00bb background_size=\u00a0\u00bbinitial\u00a0\u00bb background_position=\u00a0\u00bbtop_left\u00a0\u00bb background_repeat=\u00a0\u00bbrepeat\u00a0\u00bb text_orientation=\u00a0\u00bbcenter\u00a0\u00bb max_width=\u00a0\u00bb1000px\u00a0\u00bb module_alignment=\u00a0\u00bbcenter\u00a0\u00bb custom_margin=\u00a0\u00bb18px||0px|\u00a0\u00bb custom_css_main_element=\u00a0\u00bbfont-weight:300;\u00a0\u00bb] Les nouvelles et les mises \u00e0 jour des logiciels d&rsquo;Adjumed Services SA.<br \/>\nEn outre, tous les communiqu\u00e9s de presse depuis 2004.<br \/>\n[\/et_pb_text][\/et_pb_column][\/et_pb_row][\/et_pb_section][et_pb_section bb_built=\u00a0\u00bb1&Prime; admin_label=\u00a0\u00bbKapitel 2er-Modul\u00a0\u00bb background_color=\u00a0\u00bb#cce0ef\u00a0\u00bb _builder_version=\u00a0\u00bb3.0.99&Prime; border_width_top=\u00a0\u00bb1px\u00a0\u00bb border_color_top=\u00a0\u00bb#ffffff\u00a0\u00bb border_width_bottom=\u00a0\u00bb1px\u00a0\u00bb border_color_bottom=\u00a0\u00bb#ffffff\u00a0\u00bb custom_padding=\u00a0\u00bb0px||0px|\u00a0\u00bb collapsed=\u00a0\u00bboff\u00a0\u00bb prev_background_color=\u00a0\u00bb#0061ad\u00a0\u00bb][et_pb_row admin_label=\u00a0\u00bbrow\u00a0\u00bb make_fullwidth=\u00a0\u00bbon\u00a0\u00bb use_custom_gutter=\u00a0\u00bbon\u00a0\u00bb gutter_width=\u00a0\u00bb1&Prime; custom_padding=\u00a0\u00bb0px||0px|\u00a0\u00bb custom_margin=\u00a0\u00bb0px||0px|\u00a0\u00bb make_equal=\u00a0\u00bbon\u00a0\u00bb background_color_1=\u00a0\u00bb#ebf3f9&Prime; background_color_2=\u00a0\u00bb#cce0ef\u00a0\u00bb padding_top_1=\u00a0\u00bb25{69d3b7aa093b99b87ad87f9752f55fa45a2d72320b2e8f74e1cfcbac989c0c13}\u00a0\u00bb padding_right_1=\u00a0\u00bb5{69d3b7aa093b99b87ad87f9752f55fa45a2d72320b2e8f74e1cfcbac989c0c13}\u00a0\u00bb padding_bottom_1=\u00a0\u00bb25{69d3b7aa093b99b87ad87f9752f55fa45a2d72320b2e8f74e1cfcbac989c0c13}\u00a0\u00bb padding_top_2=\u00a0\u00bb25{69d3b7aa093b99b87ad87f9752f55fa45a2d72320b2e8f74e1cfcbac989c0c13}\u00a0\u00bb padding_bottom_2=\u00a0\u00bb25{69d3b7aa093b99b87ad87f9752f55fa45a2d72320b2e8f74e1cfcbac989c0c13}\u00a0\u00bb padding_left_2=\u00a0\u00bb5{69d3b7aa093b99b87ad87f9752f55fa45a2d72320b2e8f74e1cfcbac989c0c13}\u00a0\u00bb parallax_method_1=\u00a0\u00bboff\u00a0\u00bb parallax_method_2=\u00a0\u00bboff\u00a0\u00bb padding_1_tablet=\u00a0\u00bb14.5{69d3b7aa093b99b87ad87f9752f55fa45a2d72320b2e8f74e1cfcbac989c0c13}||14.5{69d3b7aa093b99b87ad87f9752f55fa45a2d72320b2e8f74e1cfcbac989c0c13}|10{69d3b7aa093b99b87ad87f9752f55fa45a2d72320b2e8f74e1cfcbac989c0c13}\u00a0\u00bb padding_2_tablet=\u00a0\u00bb25{69d3b7aa093b99b87ad87f9752f55fa45a2d72320b2e8f74e1cfcbac989c0c13}||14.5{69d3b7aa093b99b87ad87f9752f55fa45a2d72320b2e8f74e1cfcbac989c0c13}|10{69d3b7aa093b99b87ad87f9752f55fa45a2d72320b2e8f74e1cfcbac989c0c13}\u00a0\u00bb padding_1_last_edited=\u00a0\u00bbon|desktop\u00a0\u00bb padding_2_last_edited=\u00a0\u00bbon|desktop\u00a0\u00bb custom_padding_last_edited=\u00a0\u00bbon|phone\u00a0\u00bb _builder_version=\u00a0\u00bb3.0.99&Prime; background_size=\u00a0\u00bbinitial\u00a0\u00bb background_position=\u00a0\u00bbtop_left\u00a0\u00bb background_repeat=\u00a0\u00bbrepeat\u00a0\u00bb][et_pb_column type=\u00a0\u00bb1_2&Prime;][et_pb_text disabled_on=\u00a0\u00bboff|off|\u00a0\u00bb _builder_version=\u00a0\u00bb3.0.105&Prime; text_font=\u00a0\u00bbRoboto|100|||||||\u00a0\u00bb text_font_size=\u00a0\u00bb22&Prime; text_font_size_tablet=\u00a0\u00bb20px\u00a0\u00bb text_font_size_last_edited=\u00a0\u00bbon|phone\u00a0\u00bb text_text_color=\u00a0\u00bb#0061ad\u00a0\u00bb text_line_height=\u00a0\u00bb1.1em\u00a0\u00bb header_font=\u00a0\u00bbRoboto|100|||||||\u00a0\u00bb header_2_font=\u00a0\u00bbRoboto|300|||||||\u00a0\u00bb header_2_text_align=\u00a0\u00bbcenter\u00a0\u00bb header_2_line_height=\u00a0\u00bb1.1em\u00a0\u00bb border_radii=\u00a0\u00bbon|0px|0px|0px|0px\u00a0\u00bb text_orientation=\u00a0\u00bbcenter\u00a0\u00bb max_width_last_edited=\u00a0\u00bbon|desktop\u00a0\u00bb module_alignment=\u00a0\u00bbright\u00a0\u00bb custom_margin=\u00a0\u00bb100px||104px|\u00a0\u00bb custom_css_main_element=\u00a0\u00bbfont-weight:300;\u00a0\u00bb header_2_font_size=\u00a0\u00bb38px\u00a0\u00bb header_2_font_size_last_edited=\u00a0\u00bbon|desktop\u00a0\u00bb header_2_font_size_tablet=\u00a0\u00bb38px\u00a0\u00bb custom_margin_last_edited=\u00a0\u00bbon|phone\u00a0\u00bb custom_margin_tablet=\u00a0\u00bb||52px|\u00a0\u00bb]<\/p>\n<h2>Nouveaut\u00e9s d&rsquo;Adjumed<\/h2>\n<p>\u00c9v\u00e9nements &#8211; Mises \u00e0 jour logicielles<\/p>\n<p>[\/et_pb_text][et_pb_button button_url=\u00a0\u00bbhttps:\/\/adjumed.com\/aktuell\/neues-von-adjumed\/\u00a0\u00bb button_text=\u00a0\u00bbEn savoir plus\u00a0\u00bb _builder_version=\u00a0\u00bb3.0.105&Prime; background_layout=\u00a0\u00bbdark\u00a0\u00bb button_alignment=\u00a0\u00bbcenter\u00a0\u00bb custom_button=\u00a0\u00bbon\u00a0\u00bb button_font=\u00a0\u00bb||||||||\u00a0\u00bb button_bg_color=\u00a0\u00bb#ffaa33&Prime; button_text_color=\u00a0\u00bb#ffffff\u00a0\u00bb button_border_width=\u00a0\u00bb0px\u00a0\u00bb button_icon_color=\u00a0\u00bb#ffffff\u00a0\u00bb button_text_color_hover=\u00a0\u00bb#ffffff\u00a0\u00bb button_bg_color_hover=\u00a0\u00bb#ffaa33&Prime; button_border_color_hover=\u00a0\u00bb#ffaa33&Prime; custom_margin=\u00a0\u00bb||104px|\u00a0\u00bb custom_margin_last_edited=\u00a0\u00bbon|tablet\u00a0\u00bb custom_margin_tablet=\u00a0\u00bb||52px|\u00a0\u00bb button_icon=\u00a0\u00bb%%20%%\u00a0\u00bb \/][\/et_pb_column][et_pb_column type=\u00a0\u00bb1_2&Prime;][et_pb_text disabled_on=\u00a0\u00bboff|off|\u00a0\u00bb _builder_version=\u00a0\u00bb3.0.99&Prime; text_font=\u00a0\u00bbRoboto|100|||||||\u00a0\u00bb text_font_size=\u00a0\u00bb22&Prime; text_font_size_tablet=\u00a0\u00bb20px\u00a0\u00bb text_font_size_last_edited=\u00a0\u00bbon|phone\u00a0\u00bb text_text_color=\u00a0\u00bb#0061ad\u00a0\u00bb text_line_height=\u00a0\u00bb1.1em\u00a0\u00bb header_font=\u00a0\u00bbRoboto|100|||||||\u00a0\u00bb header_2_font=\u00a0\u00bbRoboto|300|||||||\u00a0\u00bb header_2_text_align=\u00a0\u00bbcenter\u00a0\u00bb header_2_line_height=\u00a0\u00bb1.1em\u00a0\u00bb border_radii=\u00a0\u00bbon|0px|0px|0px|0px\u00a0\u00bb text_orientation=\u00a0\u00bbcenter\u00a0\u00bb max_width_last_edited=\u00a0\u00bbon|desktop\u00a0\u00bb module_alignment=\u00a0\u00bbright\u00a0\u00bb custom_margin=\u00a0\u00bb100px||104px|\u00a0\u00bb custom_css_main_element=\u00a0\u00bbfont-weight:300;\u00a0\u00bb header_2_font_size=\u00a0\u00bb38px\u00a0\u00bb header_2_font_size_tablet=\u00a0\u00bb38px\u00a0\u00bb header_2_font_size_last_edited=\u00a0\u00bbon|desktop\u00a0\u00bb custom_margin_tablet=\u00a0\u00bb||52px|\u00a0\u00bb custom_margin_last_edited=\u00a0\u00bbon|phone\u00a0\u00bb]<\/p>\n<h2>Communiqu\u00e9s de presse<\/h2>\n<p>Archives de presse depuis 2004<\/p>\n<p>[\/et_pb_text][et_pb_button button_url=\u00a0\u00bbhttps:\/\/adjumed.com\/aktuell\/pressemeldungen\/\u00a0\u00bb button_text=\u00a0\u00bbEn savoir plus\u00a0\u00bb _builder_version=\u00a0\u00bb3.0.105&Prime; background_layout=\u00a0\u00bbdark\u00a0\u00bb button_alignment=\u00a0\u00bbcenter\u00a0\u00bb custom_button=\u00a0\u00bbon\u00a0\u00bb button_font=\u00a0\u00bb||||||||\u00a0\u00bb button_bg_color=\u00a0\u00bb#ffaa33&Prime; button_text_color=\u00a0\u00bb#ffffff\u00a0\u00bb button_border_width=\u00a0\u00bb0px\u00a0\u00bb button_icon_color=\u00a0\u00bb#ffffff\u00a0\u00bb button_text_color_hover=\u00a0\u00bb#ffffff\u00a0\u00bb button_bg_color_hover=\u00a0\u00bb#ffaa33&Prime; button_border_color_hover=\u00a0\u00bb#ffaa33&Prime; custom_margin=\u00a0\u00bb||104px|\u00a0\u00bb custom_margin_last_edited=\u00a0\u00bbon|tablet\u00a0\u00bb custom_margin_tablet=\u00a0\u00bb||52px|\u00a0\u00bb button_icon=\u00a0\u00bb%%20%%\u00a0\u00bb \/][\/et_pb_column][\/et_pb_row][\/et_pb_section]<\/p>\n","protected":false},"excerpt":{"rendered":"<p>Actuel Les nouvelles et les mises \u00e0 jour des logiciels d&rsquo;Adjumed Services SA. En outre, tous les communiqu\u00e9s de presse depuis 2004. Nouveaut\u00e9s d&rsquo;Adjumed \u00c9v\u00e9nements &#8211; Mises \u00e0 jour logicielles Communiqu\u00e9s de presse Archives de presse depuis 2004<\/p>\n","protected":false},"author":1,"featured_media":0,"parent":0,"menu_order":0,"comment_status":"closed","ping_status":"closed","template":"","meta":{"_et_pb_use_builder":"on","_et_pb_old_content":"","_et_gb_content_width":"","footnotes":""},"class_list":["post-36512","page","type-page","status-publish","hentry"],"yoast_head":"<!-- This site is optimized with the Yoast SEO plugin v27.2 - https:\/\/yoast.com\/product\/yoast-seo-wordpress\/ -->\n<title>Actuel - Adjumed Services AG<\/title>\n<meta name=\"description\" content=\"Actualit\u00e9s, communiqu\u00e9s de presse et release notes d&#039;Adjumed Services SA. D\u00e9couvrez ici tout ce qui est actuellement important concernant les d\u00e9veloppements d&#039;Adjumed.\" \/>\n<meta name=\"robots\" content=\"index, follow, max-snippet:-1, max-image-preview:large, max-video-preview:-1\" \/>\n<link rel=\"canonical\" href=\"https:\/\/adjumed.com\/aktuell\/\" \/>\n<meta property=\"og:locale\" content=\"fr_FR\" \/>\n<meta property=\"og:type\" content=\"article\" \/>\n<meta property=\"og:title\" content=\"Actuel - Adjumed Services AG\" \/>\n<meta property=\"og:description\" content=\"Actualit\u00e9s, communiqu\u00e9s de presse et release notes d&#039;Adjumed Services SA. D\u00e9couvrez ici tout ce qui est actuellement important concernant les d\u00e9veloppements d&#039;Adjumed.\" \/>\n<meta property=\"og:url\" content=\"https:\/\/adjumed.com\/aktuell\/\" \/>\n<meta property=\"og:site_name\" content=\"Adjumed Services AG\" \/>\n<meta property=\"article:publisher\" content=\"https:\/\/www.facebook.com\/adjumed\/\" \/>\n<meta property=\"article:modified_time\" content=\"2025-08-20T10:05:49+00:00\" \/>\n<meta name=\"twitter:card\" content=\"summary_large_image\" \/>\n<meta name=\"twitter:label1\" content=\"Dur\u00e9e de lecture estim\u00e9e\" \/>\n\t<meta name=\"twitter:data1\" content=\"5 minutes\" \/>\n<script type=\"application\/ld+json\" class=\"yoast-schema-graph\">{\"@context\":\"https:\/\/schema.org\",\"@graph\":[{\"@type\":\"WebPage\",\"@id\":\"https:\/\/adjumed.com\/aktuell\/\",\"url\":\"https:\/\/adjumed.com\/aktuell\/\",\"name\":\"Actuel - Adjumed Services AG\",\"isPartOf\":{\"@id\":\"https:\/\/adjumed.com\/#website\"},\"datePublished\":\"2025-08-20T10:05:48+00:00\",\"dateModified\":\"2025-08-20T10:05:49+00:00\",\"description\":\"Actualit\u00e9s, communiqu\u00e9s de presse et release notes d'Adjumed Services SA. D\u00e9couvrez ici tout ce qui est actuellement important concernant les d\u00e9veloppements d'Adjumed.\",\"breadcrumb\":{\"@id\":\"https:\/\/adjumed.com\/aktuell\/#breadcrumb\"},\"inLanguage\":\"fr-FR\",\"potentialAction\":[{\"@type\":\"ReadAction\",\"target\":[\"https:\/\/adjumed.com\/aktuell\/\"]}]},{\"@type\":\"BreadcrumbList\",\"@id\":\"https:\/\/adjumed.com\/aktuell\/#breadcrumb\",\"itemListElement\":[{\"@type\":\"ListItem\",\"position\":1,\"name\":\"Startseite\",\"item\":\"https:\/\/adjumed.com\/fr\/\"},{\"@type\":\"ListItem\",\"position\":2,\"name\":\"Actuel\"}]},{\"@type\":\"WebSite\",\"@id\":\"https:\/\/adjumed.com\/#website\",\"url\":\"https:\/\/adjumed.com\/\",\"name\":\"Adjumed Services AG\",\"description\":\"Medizinische Register und Medizinische Qualit\u00e4tssicherung\",\"publisher\":{\"@id\":\"https:\/\/adjumed.com\/#organization\"},\"potentialAction\":[{\"@type\":\"SearchAction\",\"target\":{\"@type\":\"EntryPoint\",\"urlTemplate\":\"https:\/\/adjumed.com\/?s={search_term_string}\"},\"query-input\":{\"@type\":\"PropertyValueSpecification\",\"valueRequired\":true,\"valueName\":\"search_term_string\"}}],\"inLanguage\":\"fr-FR\"},{\"@type\":\"Organization\",\"@id\":\"https:\/\/adjumed.com\/#organization\",\"name\":\"Adjumed Services AG\",\"url\":\"https:\/\/adjumed.com\/\",\"logo\":{\"@type\":\"ImageObject\",\"inLanguage\":\"fr-FR\",\"@id\":\"https:\/\/adjumed.com\/#\/schema\/logo\/image\/\",\"url\":\"https:\/\/adjumed.com\/wp-content\/uploads\/2017\/10\/Adjumed_Logo_kl.jpg\",\"contentUrl\":\"https:\/\/adjumed.com\/wp-content\/uploads\/2017\/10\/Adjumed_Logo_kl.jpg\",\"width\":200,\"height\":120,\"caption\":\"Adjumed Services AG\"},\"image\":{\"@id\":\"https:\/\/adjumed.com\/#\/schema\/logo\/image\/\"},\"sameAs\":[\"https:\/\/www.facebook.com\/adjumed\/\",\"https:\/\/www.linkedin.com\/company\/adjumed-services-ag\/\"]}]}<\/script>\n<!-- \/ Yoast SEO plugin. -->","yoast_head_json":{"title":"Actuel - Adjumed Services AG","description":"Actualit\u00e9s, communiqu\u00e9s de presse et release notes d'Adjumed Services SA. D\u00e9couvrez ici tout ce qui est actuellement important concernant les d\u00e9veloppements d'Adjumed.","robots":{"index":"index","follow":"follow","max-snippet":"max-snippet:-1","max-image-preview":"max-image-preview:large","max-video-preview":"max-video-preview:-1"},"canonical":"https:\/\/adjumed.com\/aktuell\/","og_locale":"fr_FR","og_type":"article","og_title":"Actuel - Adjumed Services AG","og_description":"Actualit\u00e9s, communiqu\u00e9s de presse et release notes d'Adjumed Services SA. D\u00e9couvrez ici tout ce qui est actuellement important concernant les d\u00e9veloppements d'Adjumed.","og_url":"https:\/\/adjumed.com\/aktuell\/","og_site_name":"Adjumed Services AG","article_publisher":"https:\/\/www.facebook.com\/adjumed\/","article_modified_time":"2025-08-20T10:05:49+00:00","twitter_card":"summary_large_image","twitter_misc":{"Dur\u00e9e de lecture estim\u00e9e":"5 minutes"},"schema":{"@context":"https:\/\/schema.org","@graph":[{"@type":"WebPage","@id":"https:\/\/adjumed.com\/aktuell\/","url":"https:\/\/adjumed.com\/aktuell\/","name":"Actuel - Adjumed Services AG","isPartOf":{"@id":"https:\/\/adjumed.com\/#website"},"datePublished":"2025-08-20T10:05:48+00:00","dateModified":"2025-08-20T10:05:49+00:00","description":"Actualit\u00e9s, communiqu\u00e9s de presse et release notes d'Adjumed Services SA. D\u00e9couvrez ici tout ce qui est actuellement important concernant les d\u00e9veloppements d'Adjumed.","breadcrumb":{"@id":"https:\/\/adjumed.com\/aktuell\/#breadcrumb"},"inLanguage":"fr-FR","potentialAction":[{"@type":"ReadAction","target":["https:\/\/adjumed.com\/aktuell\/"]}]},{"@type":"BreadcrumbList","@id":"https:\/\/adjumed.com\/aktuell\/#breadcrumb","itemListElement":[{"@type":"ListItem","position":1,"name":"Startseite","item":"https:\/\/adjumed.com\/fr\/"},{"@type":"ListItem","position":2,"name":"Actuel"}]},{"@type":"WebSite","@id":"https:\/\/adjumed.com\/#website","url":"https:\/\/adjumed.com\/","name":"Adjumed Services AG","description":"Medizinische Register und Medizinische Qualit\u00e4tssicherung","publisher":{"@id":"https:\/\/adjumed.com\/#organization"},"potentialAction":[{"@type":"SearchAction","target":{"@type":"EntryPoint","urlTemplate":"https:\/\/adjumed.com\/?s={search_term_string}"},"query-input":{"@type":"PropertyValueSpecification","valueRequired":true,"valueName":"search_term_string"}}],"inLanguage":"fr-FR"},{"@type":"Organization","@id":"https:\/\/adjumed.com\/#organization","name":"Adjumed Services AG","url":"https:\/\/adjumed.com\/","logo":{"@type":"ImageObject","inLanguage":"fr-FR","@id":"https:\/\/adjumed.com\/#\/schema\/logo\/image\/","url":"https:\/\/adjumed.com\/wp-content\/uploads\/2017\/10\/Adjumed_Logo_kl.jpg","contentUrl":"https:\/\/adjumed.com\/wp-content\/uploads\/2017\/10\/Adjumed_Logo_kl.jpg","width":200,"height":120,"caption":"Adjumed Services AG"},"image":{"@id":"https:\/\/adjumed.com\/#\/schema\/logo\/image\/"},"sameAs":["https:\/\/www.facebook.com\/adjumed\/","https:\/\/www.linkedin.com\/company\/adjumed-services-ag\/"]}]}},"_links":{"self":[{"href":"https:\/\/adjumed.com\/fr\/wp-json\/wp\/v2\/pages\/36512","targetHints":{"allow":["GET"]}}],"collection":[{"href":"https:\/\/adjumed.com\/fr\/wp-json\/wp\/v2\/pages"}],"about":[{"href":"https:\/\/adjumed.com\/fr\/wp-json\/wp\/v2\/types\/page"}],"author":[{"embeddable":true,"href":"https:\/\/adjumed.com\/fr\/wp-json\/wp\/v2\/users\/1"}],"replies":[{"embeddable":true,"href":"https:\/\/adjumed.com\/fr\/wp-json\/wp\/v2\/comments?post=36512"}],"version-history":[{"count":2,"href":"https:\/\/adjumed.com\/fr\/wp-json\/wp\/v2\/pages\/36512\/revisions"}],"predecessor-version":[{"id":36514,"href":"https:\/\/adjumed.com\/fr\/wp-json\/wp\/v2\/pages\/36512\/revisions\/36514"}],"wp:attachment":[{"href":"https:\/\/adjumed.com\/fr\/wp-json\/wp\/v2\/media?parent=36512"}],"curies":[{"name":"wp","href":"https:\/\/api.w.org\/{rel}","templated":true}]}}