{"id":36624,"date":"2025-08-20T16:29:28","date_gmt":"2025-08-20T16:29:28","guid":{"rendered":"https:\/\/adjumed.com\/customers\/thor1\/"},"modified":"2025-08-20T16:31:52","modified_gmt":"2025-08-20T16:31:52","slug":"thor1","status":"publish","type":"page","link":"https:\/\/adjumed.com\/en\/customers\/thor1\/","title":{"rendered":"THOR1"},"content":{"rendered":"<p>[et_pb_section fb_built=&#8221;1&#8243; custom_padding_last_edited=&#8221;on|desktop&#8221; admin_label=&#8221;#25 Testimonials&#8221; _builder_version=&#8221;3.22&#8243; background_color=&#8221;#ffffff&#8221; custom_padding_tablet=&#8221;50px|0|50px|0&#8243; transparent_background=&#8221;off&#8221; padding_mobile=&#8221;off&#8221; collapsed=&#8221;off&#8221;][et_pb_row custom_padding=&#8221;119px|||&#8221; custom_padding_phone=&#8221;41px|||&#8221; padding_mobile=&#8221;on&#8221; column_padding_mobile=&#8221;on&#8221; custom_padding_last_edited=&#8221;on|phone&#8221; admin_label=&#8221;Row&#8221; _builder_version=&#8221;3.26.5&#8243; background_size=&#8221;initial&#8221; background_position=&#8221;top_left&#8221; background_repeat=&#8221;repeat&#8221; max_width=&#8221;70%&#8221; use_custom_width=&#8221;on&#8221; custom_width_px=&#8221;540px&#8221; width=&#8221;70%&#8221;][et_pb_column type=&#8221;4_4&#8243; _builder_version=&#8221;3.25&#8243; custom_padding=&#8221;|||&#8221; custom_padding__hover=&#8221;|||&#8221;][et_pb_divider color=&#8221;#0061ad&#8221; divider_position=&#8221;center&#8221; divider_weight=&#8221;2&#8243; disabled_on=&#8221;on|on|&#8221; admin_label=&#8221;Divider Desktop&#8221; _builder_version=&#8221;3.23.4&#8243; height=&#8221;19px&#8221; custom_css_main_element=&#8221;width:50px;||margin-left: 47%;||margin-right: 47%;&#8221;][\/et_pb_divider][et_pb_divider color=&#8221;rgba(17,105,173,0.4)&#8221; divider_position=&#8221;center&#8221; divider_weight=&#8221;2&#8243; disabled_on=&#8221;||on&#8221; admin_label=&#8221;Divider Mobile&#8221; _builder_version=&#8221;3.23.4&#8243; height=&#8221;19px&#8221; custom_css_main_element=&#8221;width:50px;||margin-left: 45%;||margin-right: 45%;&#8221;][\/et_pb_divider][et_pb_text admin_label=&#8221;Projekt-Titel&#8221; _builder_version=&#8221;3.26.5&#8243; text_font=&#8221;Roboto Light||||&#8221; text_text_color=&#8221;#0061ad&#8221; text_font_size=&#8221;52&#8243; text_line_height=&#8221;1.1em&#8221; header_text_color=&#8221;#0061ad&#8221; border_style_all=&#8221;solid&#8221; text_orientation=&#8221;center&#8221; max_width=&#8221;100%&#8221; module_alignment=&#8221;center&#8221; custom_margin=&#8221;24px||0px|&#8221; text_font_size_tablet=&#8221;46&#8243; text_font_size_phone=&#8221;30&#8243; text_font_size_last_edited=&#8221;on|phone&#8221; custom_css_main_element=&#8221;font-weight:300;&#8221; border_style=&#8221;solid&#8221;]THOR1 project to record anatomical resections<br \/>\n[\/et_pb_text][\/et_pb_column][\/et_pb_row][et_pb_row column_structure=&#8221;2_3,1_3&#8243; _builder_version=&#8221;3.25&#8243;][et_pb_column type=&#8221;2_3&#8243; _builder_version=&#8221;3.25&#8243; custom_padding=&#8221;|||&#8221; custom_padding__hover=&#8221;|||&#8221;][et_pb_text _builder_version=&#8221;3.0.106&#8243; text_font=&#8221;Roboto Light||||&#8221; text_text_color=&#8221;#0061ad&#8221; text_font_size=&#8221;20&#8243; text_line_height=&#8221;1.5em&#8221; header_text_align=&#8221;left&#8221; header_text_color=&#8221;#0061ad&#8221; max_width=&#8221;540px&#8221; custom_margin=&#8221;18px||0px|&#8221; custom_css_main_element=&#8221;font-weight:300;&#8221;]Many thoracic surgeons record their cases in the AQC system from the outset either as normal, simple AQC cases or as specialized thoracic surgery cases supported by their own questionnaire. In 2017, the <a href=\"http:\/\/www.thoraxchirurgie.ch\">Society for Thoracic Surgery<\/a> decided to set up its registry of anatomical resections (Thor1) within the AQC system. Keeping this registry is mandatory for training clinics.  <\/p>\n<p>This means that all former focus companies now use the AQC system, which SGC has always supported.<br \/>\n[\/et_pb_text][\/et_pb_column][et_pb_column type=&#8221;1_3&#8243; _builder_version=&#8221;3.25&#8243; custom_padding=&#8221;|||&#8221; custom_padding__hover=&#8221;|||&#8221;][et_pb_image src=&#8221;https:\/\/adjumed.com\/wp-content\/uploads\/2018\/01\/logo_thoraxchirurgie_medium.gif&#8221; alt=&#8221;Logo Swiss Society for Thoracic Surgery&#8221; title_text=&#8221;Logo Swiss Society for Thoracic Surgery&#8221; url=&#8221;http:\/\/www.thoraxchirurgie.ch&#8221; url_new_window=&#8221;on&#8221; align_tablet=&#8221;center&#8221; align_last_edited=&#8221;on|desktop&#8221; _builder_version=&#8221;3.23&#8243; border_style=&#8221;solid&#8221;]\u00a0<br \/>\n[\/et_pb_image][et_pb_text _builder_version=&#8221;3.0.106&#8243; text_font=&#8221;Roboto Light||||&#8221; text_text_color=&#8221;#0061ad&#8221; text_font_size=&#8221;20&#8243; text_line_height=&#8221;1.5em&#8221; header_text_align=&#8221;left&#8221; header_text_color=&#8221;#0061ad&#8221; max_width=&#8221;540px&#8221; custom_margin=&#8221;18px||0px|&#8221; custom_css_main_element=&#8221;font-weight:300;&#8221;]<\/p>\n<ul>\n<li>Mandatory registry of the <a href=\"http:\/\/www.thoraxchirurgie.ch\">Society for Thoracic Surgery<\/a><\/li>\n<li>Specialized questionnaire that overlaps with the AQC-RTTM (reduce to the max) questionnaire<\/li>\n<\/ul>\n<p>[\/et_pb_text][\/et_pb_column][\/et_pb_row][et_pb_row _builder_version=&#8221;3.25&#8243; background_color=&#8221;#ebf3f9&#8243;][et_pb_column type=&#8221;4_4&#8243; _builder_version=&#8221;3.25&#8243; custom_padding=&#8221;|||&#8221; custom_padding__hover=&#8221;|||&#8221;][et_pb_image src=&#8221;https:\/\/adjumed.com\/wp-content\/uploads\/2018\/02\/thor1-ralph-schmid.png&#8221; alt=&#8221;Prof. Dr. med. Ralph Schmid&#8221; title_text=&#8221;Prof. Dr. med. Ralph Schmid&#8221; show_bottom_space=&#8221;off&#8221; align=&#8221;center&#8221; align_tablet=&#8221;center&#8221; align_last_edited=&#8221;on|desktop&#8221; admin_label=&#8221;Testimonial &#8211; Bild&#8221; _builder_version=&#8221;3.23&#8243; custom_margin=&#8221;54px||38px|&#8221; custom_margin_tablet=&#8221;50px|||&#8221; custom_margin_phone=&#8221;40px|||&#8221; custom_margin_last_edited=&#8221;on|desktop&#8221; animation_style=&#8221;slide&#8221; animation_direction=&#8221;bottom&#8221; animation_duration=&#8221;500ms&#8221; animation_intensity_slide=&#8221;10{69d3b7aa093b99b87ad87f9752f55fa45a2d72320b2e8f74e1cfcbac989c0c13}&#8221;]\u00a0<br \/>\n[\/et_pb_image][et_pb_text _builder_version=&#8221;3.0.99&#8243; text_font=&#8221;Roboto Light||||&#8221; text_text_color=&#8221;#0061ad&#8221; text_font_size=&#8221;24&#8243; text_line_height=&#8221;1.5em&#8221; background_size=&#8221;initial&#8221; background_position=&#8221;top_left&#8221; background_repeat=&#8221;repeat&#8221; border_color_all=&#8221;#ffffff&#8221; text_orientation=&#8221;center&#8221; max_width=&#8221;78{69d3b7aa093b99b87ad87f9752f55fa45a2d72320b2e8f74e1cfcbac989c0c13}&#8221; module_alignment=&#8221;center&#8221; custom_margin=&#8221;0px||28px|&#8221; custom_margin_last_edited=&#8221;on|desktop&#8221; custom_css_main_element=&#8221;font-weight:300;&#8221; use_border_color=&#8221;off&#8221;]&#8221;Data collection must be simple and fast. We knew that this was possible with Adjumed.net. We found out how comprehensive the services are when we realized that the audit functionality, including processing by SGS Soci\u00e9t\u00e9 G\u00e9n\u00e9rale de Surveillance, is also possible. One-stop shopping for our registry!&#8221;<br \/>\n[\/et_pb_text][et_pb_text _builder_version=&#8221;3.0.99&#8243; text_font=&#8221;Roboto||||&#8221; text_text_color=&#8221;#0061ad&#8221; text_line_height=&#8221;1.5em&#8221; background_size=&#8221;initial&#8221; background_position=&#8221;top_left&#8221; background_repeat=&#8221;repeat&#8221; text_orientation=&#8221;center&#8221; module_alignment=&#8221;center&#8221; custom_margin=&#8221;0px||0px|&#8221; custom_css_main_element=&#8221;font-weight:400;&#8221;]<span class=\"labelVal mL45\">  Prof. Dr. med.<\/span>  Ralph Schmid<br \/>\n[\/et_pb_text][et_pb_text _builder_version=&#8221;3.0.99&#8243; text_font=&#8221;Roboto Light||||&#8221; text_text_color=&#8221;#0061ad&#8221; text_font_size=&#8221;16&#8243; text_line_height=&#8221;1.5em&#8221; background_size=&#8221;initial&#8221; background_position=&#8221;top_left&#8221; background_repeat=&#8221;repeat&#8221; text_orientation=&#8221;center&#8221; module_alignment=&#8221;center&#8221; custom_margin=&#8221;0px||62px|&#8221; custom_css_main_element=&#8221;font-weight:300;&#8221;]THOR1<br \/>\n[\/et_pb_text][\/et_pb_column][\/et_pb_row][\/et_pb_section]<\/p>\n","protected":false},"excerpt":{"rendered":"<p>THOR1 project to record anatomical resections Many thoracic surgeons record their cases in the AQC system from the outset either as normal, simple AQC cases or as specialized thoracic surgery cases supported by their own questionnaire. In 2017, the Society for Thoracic Surgery decided to set up its registry of anatomical resections (Thor1) within the [&hellip;]<\/p>\n","protected":false},"author":1,"featured_media":0,"parent":36449,"menu_order":0,"comment_status":"closed","ping_status":"closed","template":"","meta":{"_et_pb_use_builder":"on","_et_pb_old_content":"","_et_gb_content_width":"","footnotes":""},"class_list":["post-36624","page","type-page","status-publish","hentry"],"yoast_head":"<!-- This site is optimized with the Yoast SEO plugin v27.2 - https:\/\/yoast.com\/product\/yoast-seo-wordpress\/ -->\n<title>THOR1 - Adjumed Services AG<\/title>\n<meta name=\"robots\" content=\"index, follow, max-snippet:-1, max-image-preview:large, max-video-preview:-1\" \/>\n<link rel=\"canonical\" href=\"https:\/\/adjumed.com\/kunden\/thor1\/\" \/>\n<meta property=\"og:locale\" content=\"en_US\" \/>\n<meta property=\"og:type\" content=\"article\" \/>\n<meta property=\"og:title\" content=\"THOR1 - Adjumed Services AG\" \/>\n<meta property=\"og:description\" content=\"THOR1 project to record anatomical resections Many thoracic surgeons record their cases in the AQC system from the outset either as normal, simple AQC cases or as specialized thoracic surgery cases supported by their own questionnaire. In 2017, the Society for Thoracic Surgery decided to set up its registry of anatomical resections (Thor1) within the [&hellip;]\" \/>\n<meta property=\"og:url\" content=\"https:\/\/adjumed.com\/kunden\/thor1\/\" \/>\n<meta property=\"og:site_name\" content=\"Adjumed Services AG\" \/>\n<meta property=\"article:publisher\" content=\"https:\/\/www.facebook.com\/adjumed\/\" \/>\n<meta property=\"article:modified_time\" content=\"2025-08-20T16:31:52+00:00\" \/>\n<meta name=\"twitter:card\" content=\"summary_large_image\" \/>\n<meta name=\"twitter:label1\" content=\"Est. reading time\" \/>\n\t<meta name=\"twitter:data1\" content=\"4 minutes\" \/>\n<script type=\"application\/ld+json\" class=\"yoast-schema-graph\">{\"@context\":\"https:\/\/schema.org\",\"@graph\":[{\"@type\":\"WebPage\",\"@id\":\"https:\/\/adjumed.com\/kunden\/thor1\/\",\"url\":\"https:\/\/adjumed.com\/kunden\/thor1\/\",\"name\":\"THOR1 - Adjumed Services AG\",\"isPartOf\":{\"@id\":\"https:\/\/adjumed.com\/#website\"},\"datePublished\":\"2025-08-20T16:29:28+00:00\",\"dateModified\":\"2025-08-20T16:31:52+00:00\",\"breadcrumb\":{\"@id\":\"https:\/\/adjumed.com\/kunden\/thor1\/#breadcrumb\"},\"inLanguage\":\"en-US\",\"potentialAction\":[{\"@type\":\"ReadAction\",\"target\":[\"https:\/\/adjumed.com\/kunden\/thor1\/\"]}]},{\"@type\":\"BreadcrumbList\",\"@id\":\"https:\/\/adjumed.com\/kunden\/thor1\/#breadcrumb\",\"itemListElement\":[{\"@type\":\"ListItem\",\"position\":1,\"name\":\"Startseite\",\"item\":\"https:\/\/adjumed.com\/en\/homepage\/\"},{\"@type\":\"ListItem\",\"position\":2,\"name\":\"Customers\",\"item\":\"https:\/\/adjumed.com\/en\/customers\/\"},{\"@type\":\"ListItem\",\"position\":3,\"name\":\"THOR1\"}]},{\"@type\":\"WebSite\",\"@id\":\"https:\/\/adjumed.com\/#website\",\"url\":\"https:\/\/adjumed.com\/\",\"name\":\"Adjumed Services AG\",\"description\":\"Medizinische Register und Medizinische Qualit\u00e4tssicherung\",\"publisher\":{\"@id\":\"https:\/\/adjumed.com\/#organization\"},\"potentialAction\":[{\"@type\":\"SearchAction\",\"target\":{\"@type\":\"EntryPoint\",\"urlTemplate\":\"https:\/\/adjumed.com\/?s={search_term_string}\"},\"query-input\":{\"@type\":\"PropertyValueSpecification\",\"valueRequired\":true,\"valueName\":\"search_term_string\"}}],\"inLanguage\":\"en-US\"},{\"@type\":\"Organization\",\"@id\":\"https:\/\/adjumed.com\/#organization\",\"name\":\"Adjumed Services AG\",\"url\":\"https:\/\/adjumed.com\/\",\"logo\":{\"@type\":\"ImageObject\",\"inLanguage\":\"en-US\",\"@id\":\"https:\/\/adjumed.com\/#\/schema\/logo\/image\/\",\"url\":\"https:\/\/adjumed.com\/wp-content\/uploads\/2017\/10\/Adjumed_Logo_kl.jpg\",\"contentUrl\":\"https:\/\/adjumed.com\/wp-content\/uploads\/2017\/10\/Adjumed_Logo_kl.jpg\",\"width\":200,\"height\":120,\"caption\":\"Adjumed Services AG\"},\"image\":{\"@id\":\"https:\/\/adjumed.com\/#\/schema\/logo\/image\/\"},\"sameAs\":[\"https:\/\/www.facebook.com\/adjumed\/\",\"https:\/\/www.linkedin.com\/company\/adjumed-services-ag\/\"]}]}<\/script>\n<!-- \/ Yoast SEO plugin. -->","yoast_head_json":{"title":"THOR1 - Adjumed Services AG","robots":{"index":"index","follow":"follow","max-snippet":"max-snippet:-1","max-image-preview":"max-image-preview:large","max-video-preview":"max-video-preview:-1"},"canonical":"https:\/\/adjumed.com\/kunden\/thor1\/","og_locale":"en_US","og_type":"article","og_title":"THOR1 - Adjumed Services AG","og_description":"THOR1 project to record anatomical resections Many thoracic surgeons record their cases in the AQC system from the outset either as normal, simple AQC cases or as specialized thoracic surgery cases supported by their own questionnaire. In 2017, the Society for Thoracic Surgery decided to set up its registry of anatomical resections (Thor1) within the [&hellip;]","og_url":"https:\/\/adjumed.com\/kunden\/thor1\/","og_site_name":"Adjumed Services AG","article_publisher":"https:\/\/www.facebook.com\/adjumed\/","article_modified_time":"2025-08-20T16:31:52+00:00","twitter_card":"summary_large_image","twitter_misc":{"Est. reading time":"4 minutes"},"schema":{"@context":"https:\/\/schema.org","@graph":[{"@type":"WebPage","@id":"https:\/\/adjumed.com\/kunden\/thor1\/","url":"https:\/\/adjumed.com\/kunden\/thor1\/","name":"THOR1 - Adjumed Services AG","isPartOf":{"@id":"https:\/\/adjumed.com\/#website"},"datePublished":"2025-08-20T16:29:28+00:00","dateModified":"2025-08-20T16:31:52+00:00","breadcrumb":{"@id":"https:\/\/adjumed.com\/kunden\/thor1\/#breadcrumb"},"inLanguage":"en-US","potentialAction":[{"@type":"ReadAction","target":["https:\/\/adjumed.com\/kunden\/thor1\/"]}]},{"@type":"BreadcrumbList","@id":"https:\/\/adjumed.com\/kunden\/thor1\/#breadcrumb","itemListElement":[{"@type":"ListItem","position":1,"name":"Startseite","item":"https:\/\/adjumed.com\/en\/homepage\/"},{"@type":"ListItem","position":2,"name":"Customers","item":"https:\/\/adjumed.com\/en\/customers\/"},{"@type":"ListItem","position":3,"name":"THOR1"}]},{"@type":"WebSite","@id":"https:\/\/adjumed.com\/#website","url":"https:\/\/adjumed.com\/","name":"Adjumed Services AG","description":"Medizinische Register und Medizinische Qualit\u00e4tssicherung","publisher":{"@id":"https:\/\/adjumed.com\/#organization"},"potentialAction":[{"@type":"SearchAction","target":{"@type":"EntryPoint","urlTemplate":"https:\/\/adjumed.com\/?s={search_term_string}"},"query-input":{"@type":"PropertyValueSpecification","valueRequired":true,"valueName":"search_term_string"}}],"inLanguage":"en-US"},{"@type":"Organization","@id":"https:\/\/adjumed.com\/#organization","name":"Adjumed Services AG","url":"https:\/\/adjumed.com\/","logo":{"@type":"ImageObject","inLanguage":"en-US","@id":"https:\/\/adjumed.com\/#\/schema\/logo\/image\/","url":"https:\/\/adjumed.com\/wp-content\/uploads\/2017\/10\/Adjumed_Logo_kl.jpg","contentUrl":"https:\/\/adjumed.com\/wp-content\/uploads\/2017\/10\/Adjumed_Logo_kl.jpg","width":200,"height":120,"caption":"Adjumed Services AG"},"image":{"@id":"https:\/\/adjumed.com\/#\/schema\/logo\/image\/"},"sameAs":["https:\/\/www.facebook.com\/adjumed\/","https:\/\/www.linkedin.com\/company\/adjumed-services-ag\/"]}]}},"_links":{"self":[{"href":"https:\/\/adjumed.com\/en\/wp-json\/wp\/v2\/pages\/36624","targetHints":{"allow":["GET"]}}],"collection":[{"href":"https:\/\/adjumed.com\/en\/wp-json\/wp\/v2\/pages"}],"about":[{"href":"https:\/\/adjumed.com\/en\/wp-json\/wp\/v2\/types\/page"}],"author":[{"embeddable":true,"href":"https:\/\/adjumed.com\/en\/wp-json\/wp\/v2\/users\/1"}],"replies":[{"embeddable":true,"href":"https:\/\/adjumed.com\/en\/wp-json\/wp\/v2\/comments?post=36624"}],"version-history":[{"count":7,"href":"https:\/\/adjumed.com\/en\/wp-json\/wp\/v2\/pages\/36624\/revisions"}],"predecessor-version":[{"id":36635,"href":"https:\/\/adjumed.com\/en\/wp-json\/wp\/v2\/pages\/36624\/revisions\/36635"}],"up":[{"embeddable":true,"href":"https:\/\/adjumed.com\/en\/wp-json\/wp\/v2\/pages\/36449"}],"wp:attachment":[{"href":"https:\/\/adjumed.com\/en\/wp-json\/wp\/v2\/media?parent=36624"}],"curies":[{"name":"wp","href":"https:\/\/api.w.org\/{rel}","templated":true}]}}